{"id":456,"date":"2022-10-03T22:24:23","date_gmt":"2022-10-03T20:24:23","guid":{"rendered":"https:\/\/monting.hr\/politika-privatnosti\/"},"modified":"2024-10-02T11:13:40","modified_gmt":"2024-10-02T09:13:40","slug":"politika-privatnosti","status":"publish","type":"page","link":"https:\/\/monting.hr\/hr\/politika-privatnosti\/","title":{"rendered":"Politika privatnosti"},"content":{"rendered":"\n<h2 class=\"wp-block-heading\">Tko smo mi<\/h2>\n\n\n\n<p>Adresa na\u0161e web stranice je: https:\/\/monting.hr.<\/p>\n\n\n\n<p>Monting d.o.o. je registriran na Trgova\u010dkom sudu Zagreb, OIB: 50374895710, VAT: HR50374895710, MB:\u00a0\u00a001422898.<\/p>\n\n\n\n<p>Temeljni kapital: 2.750.000,00 HRK \/ 364.987,72 EUR upla\u0107en u cijelosti<\/p>\n\n\n\n<p>Poslovni ra\u010duni: HR2923400091110713339, Privredna banka Zagreb d.d.; HR7124020061100888610, Erste&amp;Steierm\u00e4rkische Bank d.d.; HR8123900011101319147, Hrvatska po\u0161tanska banka d.d.; HR2124840081135309990 Raiffeisen BANK d.d.&nbsp;&nbsp;&nbsp;&nbsp;&nbsp;&nbsp;&nbsp;&nbsp;&nbsp;&nbsp;&nbsp;&nbsp;&nbsp;<\/p>\n\n\n\n<p>Predsjednik Uprave: Marko Aralica; \u010clan Uprave: Ivan Daid\u017ei\u0107; \u010clan Uprave: Roko Aralica<\/p>\n\n\n\n<h2 class=\"wp-block-heading\">Uvod<\/h2>\n\n\n\n<p>U Montingu d.o.o. predani smo za\u0161titi Va\u0161ih osobnih podataka i osiguravanju da se koriste na odgovoran i transparentan na\u010din. Ova pravila o privatnosti odre\u0111uju kako prikupljamo, koristimo i otkrivamo va\u0161e osobne podatke tijekom pru\u017eanja na\u0161ih usluga i odr\u017eavanja na\u0161e web stranice. Kori\u0161tenjem na\u0161e web stranice pristajete na prikupljanje, kori\u0161tenje i otkrivanje va\u0161ih osobnih podataka u skladu s ovom politikom.<\/p>\n\n\n\n<h2 class=\"wp-block-heading\">Podaci koje prikupljamo<\/h2>\n\n\n\n<p>Od vas mo\u017eemo prikupljati osobne podatke na sljede\u0107e na\u010dine:<\/p>\n\n\n\n<ul class=\"wp-block-list\">\n<li>Kada posjetite na\u0161u web stranicu, mo\u017eemo prikupiti informacije o va\u0161em ure\u0111aju i navikama pregledavanja, kao \u0161to su va\u0161a IP adresa, vrsta preglednika i stranice koje ste posjetili. Ove se informacije koriste za pobolj\u0161anje performansi i funkcionalnosti na\u0161e web stranice.<\/li>\n\n\n\n<li>Kada nas kontaktirate putem na\u0161e web stranice, mo\u017eemo prikupiti va\u0161e ime, adresu e-po\u0161te, telefonski broj i druge osobne podatke koje nam date kako bismo odgovorili na va\u0161 upit.<\/li>\n\n\n\n<li>Kada zatra\u017eite uslugu ili ponudu od nas, mo\u017eemo prikupiti va\u0161e ime, adresu, e-po\u0161tu, broj telefona i druge osobne podatke potrebne za pru\u017eanje tra\u017eene usluge.<\/li>\n<\/ul>\n\n\n\n<h2 class=\"wp-block-heading\">Kako koristimo va\u0161e podatke<\/h2>\n\n\n\n<p>Va\u0161e osobne podatke mo\u017eemo koristiti u sljede\u0107e svrhe:<\/p>\n\n\n\n<ul class=\"wp-block-list\">\n<li>Za pru\u017eanje i pobolj\u0161anje na\u0161ih usluga, kao \u0161to je davanje ponuda, zakazivanje sastanaka i odgovaranje na va\u0161e upite.<\/li>\n\n\n\n<li>Za komunikaciju s vama, kao \u0161to je slanje a\u017euriranja, faktura i potvrda.<\/li>\n\n\n\n<li>Kako bismo pobolj\u0161ali na\u0161u web stranicu i personalizirali va\u0161e iskustvo pregledavanja.<\/li>\n\n\n\n<li>Za interna istra\u017eivanja i analitiku.<\/li>\n<\/ul>\n\n\n\n<h2 class=\"wp-block-heading\">Otkrivanje Va\u0161ih podataka<\/h2>\n\n\n\n<p>Va\u0161e osobne podatke mo\u017eemo otkriti tre\u0107im stranama u sljede\u0107im okolnostima:<\/p>\n\n\n\n<ul class=\"wp-block-list\">\n<li>Pru\u017eateljima usluga koji nam poma\u017eu u pru\u017eanju na\u0161ih usluga i odr\u017eavanju na\u0161e web stranice, kao \u0161to su hosting i odr\u017eavanje web stranice, usluge e-po\u0161te i marketinga te procesori pla\u0107anja. Ovi pru\u017eatelji usluga ugovorno su obvezani \u0161tititi privatnost i sigurnost va\u0161ih osobnih podataka.<\/li>\n\n\n\n<li>Za po\u0161tivanje zakonskih ili regulatornih zahtjeva, kao \u0161to je odgovor na sudski nalog ili sudski poziv.<\/li>\n\n\n\n<li>Za za\u0161titu prava i sigurnosti sebe i drugih.<\/li>\n<\/ul>\n\n\n\n<h2 class=\"wp-block-heading\">Sigurnost va\u0161ih podataka<\/h2>\n\n\n\n<p>Poduzimamo razumne korake kako bismo za\u0161titili osobne podatke koje prikupljamo od neovla\u0161tenog pristupa, upotrebe, izmjene ili uni\u0161tenja. Me\u0111utim, imajte na umu da nijedan prijenos podataka putem interneta ili na\u010din elektroni\u010dke pohrane nije potpuno siguran, te ne mo\u017eemo jam\u010diti apsolutnu sigurnost va\u0161ih osobnih podataka.<\/p>\n\n\n\n<h2 class=\"wp-block-heading\">Va\u0161a prava i izbori<\/h2>\n\n\n\n<p>Imate pravo zatra\u017eiti pristup osobnim podacima koje imamo o vama i zatra\u017eiti da ispravimo ili izbri\u0161emo sve neto\u010dne podatke. Tako\u0111er imate pravo prigovora na obradu Va\u0161ih osobnih podataka i zatra\u017eiti da ograni\u010dimo kori\u0161tenje Va\u0161ih osobnih podataka. Imajte na umu da neka od ovih prava mogu biti ograni\u010dena primjenjivim zakonima.<\/p>\n\n\n\n<h2 class=\"wp-block-heading\">Kontaktirajte nas<\/h2>\n\n\n\n<p>Ako imate bilo kakvih pitanja o ovim pravilima privatnosti ili o tome kako postupamo s va\u0161im osobnim podacima, obratite nam se na <a href=\"mailto:monting@monting.hr\">monting@monting.hr<\/a> , <a href=\"tel:+385011234567\">+385 01 1234 567<\/a> .<\/p>\n\n\n\n<h2 class=\"wp-block-heading\">Promjene ove Politike<\/h2>\n\n\n\n<p>S vremena na vrijeme mo\u017eemo a\u017eurirati ova pravila o privatnosti kako bismo odra\u017eavali promjene u na\u0161im postupcima ili kako bismo bili u skladu sa zakonskim zahtjevima. Obavijestit \u0107emo vas o svim materijalnim promjenama ove politike objavljivanjem a\u017eurirane politike na na\u0161oj web stranici.<\/p>\n","protected":false},"excerpt":{"rendered":"<p>Tko smo mi Adresa na\u0161e web stranice je: https:\/\/monting.hr. Monting d.o.o. je registriran na Trgova\u010dkom sudu Zagreb, OIB: 50374895710, VAT: HR50374895710, MB:\u00a0\u00a001422898. Temeljni kapital: 2.750.000,00 HRK \/ 364.987,72 EUR upla\u0107en u cijelosti Poslovni ra\u010duni: HR2923400091110713339, Privredna banka Zagreb d.d.; HR7124020061100888610, Erste&amp;Steierm\u00e4rkische Bank d.d.; HR8123900011101319147, Hrvatska po\u0161tanska banka d.d.; HR2124840081135309990 Raiffeisen BANK d.d.&nbsp;&nbsp;&nbsp;&nbsp;&nbsp;&nbsp;&nbsp;&nbsp;&nbsp;&nbsp;&nbsp;&nbsp;&nbsp; Predsjednik Uprave: Marko [&hellip;]<\/p>\n","protected":false},"author":3,"featured_media":0,"parent":0,"menu_order":0,"comment_status":"closed","ping_status":"open","template":"","meta":{"_acf_changed":false,"inline_featured_image":false,"footnotes":""},"class_list":["post-456","page","type-page","status-publish","hentry"],"acf":[],"aioseo_notices":[],"_links":{"self":[{"href":"https:\/\/monting.hr\/hr\/wp-json\/wp\/v2\/pages\/456","targetHints":{"allow":["GET"]}}],"collection":[{"href":"https:\/\/monting.hr\/hr\/wp-json\/wp\/v2\/pages"}],"about":[{"href":"https:\/\/monting.hr\/hr\/wp-json\/wp\/v2\/types\/page"}],"author":[{"embeddable":true,"href":"https:\/\/monting.hr\/hr\/wp-json\/wp\/v2\/users\/3"}],"replies":[{"embeddable":true,"href":"https:\/\/monting.hr\/hr\/wp-json\/wp\/v2\/comments?post=456"}],"version-history":[{"count":3,"href":"https:\/\/monting.hr\/hr\/wp-json\/wp\/v2\/pages\/456\/revisions"}],"predecessor-version":[{"id":1102,"href":"https:\/\/monting.hr\/hr\/wp-json\/wp\/v2\/pages\/456\/revisions\/1102"}],"wp:attachment":[{"href":"https:\/\/monting.hr\/hr\/wp-json\/wp\/v2\/media?parent=456"}],"curies":[{"name":"wp","href":"https:\/\/api.w.org\/{rel}","templated":true}]}}